{"id":3675,"date":"2024-01-05T19:55:15","date_gmt":"2024-01-05T17:55:15","guid":{"rendered":"https:\/\/ello.ee\/?page_id=3675"},"modified":"2024-07-23T17:46:02","modified_gmt":"2024-07-23T14:46:02","slug":"for-partners","status":"publish","type":"page","link":"https:\/\/ello.ee\/et\/for-partners\/","title":{"rendered":"Partneritele"},"content":{"rendered":"<div class=\"wp-block-group whole-block\"><div class=\"wp-block-group__inner-container is-layout-constrained wp-block-group-is-layout-constrained\">\n<h2 class=\"wp-block-heading has-text-align-center\">Partneritele<\/h2>\n\n\n\n<p>Ello on tasuta ilu-, tervise \u2013 ja fitnessiplatvorm salongidele, meistrile ja teenuseid otsivatele klientidele.<\/p>\n\n\n\n<p>Me aitame hallata k\u00f5iki \u00e4rivaldkondi ja \u00fchendame k\u00f5ik vajalikud teenused alates lihtsast, kaasaegsest, turvalisest ja tasuta veebip\u00f5hisest broneerimiss\u00fcsteemist kuni automatiseeritud kliendim\u00e4rkuste ja inventari haldamiseni.<\/p>\n\n\n\n<h6 class=\"wp-block-heading h6-for-partners\">Faktid Ello kohta:<\/h6>\n\n\n\n<p class=\".important-notice-block translation-block\">\u2022 \u00dcle\u00a0<strong>533 tuhande<\/strong>\u00a0lehevaatamise ja\u00a0<strong>\u00fcle 100 tuhande<\/strong>\u00a0broneeringu alates 2020. aastast. <br>\u2022 Ettev\u00f5tted s\u00e4\u00e4stavad <strong>keskmiselt 530\u00a0\u20ac <\/strong>kuus klientidelt, kes unustage oma kohtumised automaatsete meeldetuletuste abil.<br>\u2022 Kliendid kulutavad kohtumise broneerimiseks <strong>v\u00e4hem kui minuti<\/strong>.<\/p>\n\n\n\n<h6 class=\"wp-block-heading h6-for-partners\" id=\"ello-free\">Mida saab Ello pakkuda:<\/h6>\n\n\n\n<p class=\"translation-block\">\u2022 <strong>Ello profiil ja broneerimisleht<\/strong> \u2013 esitleda oma ettev\u00f5tet ja teenuseid Ello's.<\/p>\n\n\n\n<p class=\"translation-block\">\u2022 <strong>Online kalender ja broneerimiss\u00fcsteem<\/strong> \u2013 lubage klientidel teie teenuseid broneerida nii, nagu nad soovivad. Automaatsed meeldetuletused aitavad vabaneda aegadest, kui kliendid lihtsalt ei ilmu.<\/p>\n\n\n\n<p class=\"translation-block\">\u2022 <strong>Kupongid ja promokoodid<\/strong> \u2013 edendage oma teenuseid, pakkudes teenuse-, personali \u2013 v\u00f5i kliendip\u00f5hiseid soodustusi.<\/p>\n\n\n\n<p class=\"translation-block\">\u2022<strong>Mitu asukohta<\/strong> \u2013 lisage k\u00f5ik oma asukohad.<\/p>\n\n\n\n<p class=\"translation-block\">\u2022 <strong>Uute klientide tasu puudub<\/strong>\u00a0\u2013 me ei v\u00f5ta tasu teie uute klientide eest, kes teid Ello kaudu leidsid.<\/p>\n\n\n\n<p class=\"translation-block\">\u2022\u00a0<strong>Sotsiaalmeedia integreerimine<\/strong>\u00a0\u2013 lubage klientidel broneerida teie teenuseid otse teie sotsiaalmeedia lehtede kaudu.<\/p>\n\n\n\n<p class=\"translation-block\">\u2022\u00a0<strong>Piiramatu e-kirja meeldetuletused<\/strong>\u00a0\u2013 klientidele eelseisvate kohtumiste meeldetuletamiseks.<\/p>\n\n\n\n<p class=\"translation-block\">\u2022\u00a0<strong>Br\u00e4ndiga minirakendus<\/strong>\u00a0\u2013 teie logo ja pealkirjaga toetab nii iOS-i kui ka Androidi.<\/p>\n\n\n\n<p class=\"translation-block\">\u2022\u00a0<strong>T\u00f6\u00f6tajate arv piiramatu<\/strong>\u00a0\u2013 \u00fchendage k\u00f5ik.<\/p>\n\n\n\n<p class=\"translation-block\">\u2022 <strong>Teenusepaketid<\/strong> \u2013 \u00fchendage olemasolevad teenused \u00fcheks terviklikuks teenuseks, mida kliendid saavad korraga broneerida.<\/p>\n\n\n\n<p class=\"translation-block\">\u2022\u00a0<strong>Kliendir\u00fchmad<\/strong>\u00a0\u2013 filtreerige oma klientide loendit t\u00fc\u00fcbi j\u00e4rgi t\u00e4psema sortimise, konkreetsetele klientidele m\u00f5eldud eripakkumiste v\u00f5i konkreetsete piirangute jaoks.<\/p>\n\n\n\n<p class=\"translation-block\">\u2022<strong>Grupibroneeringud ja teenused<\/strong> \u2013 v\u00f5imaldab klientidel broneerida grupikohtumisi ja\/v\u00f5i m\u00e4\u00e4rata iga teenuse ja t\u00f6\u00f6taja jaoks minimaalse ja maksimaalse peov\u00f5imsuse.<\/p>\n\n\n\n<p class=\"translation-block\">\u2022<strong>Mitme teenuse broneerimine<\/strong> \u2013 lubage oma klientidel valida korraga mitu teenust (sama v\u00f5i erinevate spetsialistide k\u00e4est).<\/p>\n\n\n\n<p class=\"translation-block\">\u2022 <strong>Nutikas hinnakujundus<\/strong> \u2013 m\u00e4\u00e4rake teatud kellaaegadel ja\/v\u00f5i valitud n\u00e4dalap\u00e4evadel erihind.<\/p>\n\n\n\n<p class=\"translation-block\">\u2022\u00a0<strong>Teenuse ajakava<\/strong>\u00a0\u2013 m\u00e4\u00e4rake teenuse k\u00e4ttesaadavuse aeg kindlatele kuup\u00e4evadele v\u00f5i n\u00e4dalap\u00e4evadele.<\/p>\n\n\n\n<p class=\"translation-block\">\u2022\u00a0<strong>Broneerimisvormi kohandatavad v\u00e4ljad<\/strong>\u00a0\u2013 paluge klientidel kohtumise broneerimisel t\u00e4ita erinevat t\u00fc\u00fcpi lisav\u00e4lju.<\/p>\n\n\n\n<p class=\"translation-block\">\u2022\u00a0<strong>Ohutud ja turvalised maksed<\/strong>\u00a0\u2013 v\u00f5imaldab klientidel tasuda sissemakseid v\u00f5i teenuste eest t\u00e4ielikult krediitkaardi, Stripe'i v\u00f5i PayPali abil.<\/p>\n\n\n\n<p class=\"translation-block\">\u2022\u00a0<strong>Google'i kalendri kahesuunaline s\u00fcnkroonimine<\/strong>\u00a0\u2013 reaalajas kahesuunaline s\u00fcnkroonimine Ello ja Google'i kalendri vahel.<\/p>\n\n\n\n<p class=\"translation-block\">\u2022\u00a0<strong>Toote- ja varude haldamine*<\/strong>\u00a0\u2013 juurdep\u00e4\u00e4su saamiseks v\u00f5tke \u00fchendust oma kontohalduriga.<\/p>\n\n\n\n<p class=\"translation-block\">\u2022\u00a0<strong>Palgakalkulaator*<\/strong>\u00a0\u2013 juurdep\u00e4\u00e4su saamiseks v\u00f5tke \u00fchendust oma kontohalduriga.<\/p>\n\n\n\n<p class=\"translation-block\">\u2022\u00a0<strong>K\u00f5rgem profiiliasetus<\/strong>\u00a0\u2013 saate rohkem tutvuda uute potentsiaalsete klientidega.<\/p>\n\n\n\n<p><em>* saadaval beetaversioonis ja piiramatu (Unlimited) paketi kasutajatele.<\/em><\/p>\n\n\n\n<h6 class=\"wp-block-heading h6-for-partners\" id=\"ello-free\">Vajad natuke rohkem?<\/h6>\n\n\n\n<p class=\"translation-block\">\u2022 <strong>Turundus-, sotsiaal- ja otsingureklaamid<\/strong> \u2013 suurendage tulu, meelitage ligi rohkem kliente ja suurendage br\u00e4nditeadlikkust. Selle arutamiseks v\u00f5tke \u00fchendust oma kontohalduriga.<\/p>\n\n\n\n<p class=\"translation-block\">\u2022 <strong>Kas vajate t\u00f6\u00f6tubade, kursuste v\u00f5i koolituste broneerimiss\u00fcsteemi?<\/strong>\u00a0\u2013 meil on see, mida vajate, keskenduge sellele, mida oskate k\u00f5ige paremini, ja meie hoolitseme \u00fclej\u00e4\u00e4nu eest.<\/p>\n\n\n\n<div style=\"height:25px\" aria-hidden=\"true\" class=\"wp-block-spacer\"><\/div>\n\n\n\n<div class=\"wp-block-columns is-layout-flex wp-container-core-columns-is-layout-9d6595d7 wp-block-columns-is-layout-flex\">\n<div class=\"wp-block-column is-layout-flow wp-block-column-is-layout-flow\">\n<div class=\"wp-block-buttons is-content-justification-center is-layout-flex wp-container-core-buttons-is-layout-16018d1d wp-block-buttons-is-layout-flex\">\n<div class=\"wp-block-button\"><a class=\"wp-block-button__link wp-element-button\" href=\"https:\/\/ello.ee\/et\/create-places\/\">Lisa ilusalong<\/a><\/div>\n<\/div>\n<\/div>\n\n\n\n<div class=\"wp-block-column is-layout-flow wp-block-column-is-layout-flow\">\n<div class=\"wp-block-buttons is-content-justification-center is-layout-flex wp-container-core-buttons-is-layout-16018d1d wp-block-buttons-is-layout-flex\">\n<div class=\"wp-block-button\"><a class=\"wp-block-button__link has-text-align-center wp-element-button\" href=\"https:\/\/ello.ee\/et\/create-dance-studio\/\">Lisa tantsustuudio<\/a><\/div>\n<\/div>\n<\/div>\n\n\n\n<div class=\"wp-block-column is-layout-flow wp-block-column-is-layout-flow\">\n<div class=\"wp-block-buttons is-content-justification-center is-layout-flex wp-container-core-buttons-is-layout-16018d1d wp-block-buttons-is-layout-flex\">\n<div class=\"wp-block-button\"><a class=\"wp-block-button__link wp-element-button\" href=\"https:\/\/ello.ee\/et\/create-tattoos\/\">Lisage t\u00e4toveerimisstuudio<\/a><\/div>\n<\/div>\n<\/div>\n<\/div>\n\n\n\n<div class=\"wp-block-columns is-layout-flex wp-container-core-columns-is-layout-9d6595d7 wp-block-columns-is-layout-flex\">\n<div class=\"wp-block-column is-layout-flow wp-block-column-is-layout-flow\">\n<div class=\"wp-block-buttons is-content-justification-center is-layout-flex wp-container-core-buttons-is-layout-16018d1d wp-block-buttons-is-layout-flex\">\n<div class=\"wp-block-button\"><a class=\"wp-block-button__link wp-element-button\" href=\"https:\/\/ello.ee\/et\/create-places\/\">Lisa massaa\u017eisalong<\/a><\/div>\n<\/div>\n<\/div>\n\n\n\n<div class=\"wp-block-column is-layout-flow wp-block-column-is-layout-flow\">\n<div class=\"wp-block-buttons is-content-justification-center is-layout-flex wp-container-core-buttons-is-layout-16018d1d wp-block-buttons-is-layout-flex\">\n<div class=\"wp-block-button\"><a class=\"wp-block-button__link has-text-align-center wp-element-button\" href=\"https:\/\/ello.ee\/et\/create-dance-studio\/\">Lisa barbershop<\/a><\/div>\n<\/div>\n<\/div>\n\n\n\n<div class=\"wp-block-column is-layout-flow wp-block-column-is-layout-flow\">\n<div class=\"wp-block-buttons is-content-justification-center is-layout-flex wp-container-core-buttons-is-layout-16018d1d wp-block-buttons-is-layout-flex\">\n<div class=\"wp-block-button\"><a class=\"wp-block-button__link wp-element-button\" href=\"https:\/\/ello.ee\/et\/create-tattoos\/\">Lisage solaariumistuudio<\/a><\/div>\n<\/div>\n<\/div>\n<\/div>\n<\/div><\/div>","protected":false},"excerpt":{"rendered":"<p>For partners Ello is a free platform in beauty, health, and fitness for service providers and clients who are looking for such. We help to manage all areas of business and combine all the necessary services from a simple, modern, and secure online booking system to automated client reminders and inventory management. Fun facts about [&hellip;]<\/p>\n","protected":false},"author":1,"featured_media":0,"parent":0,"menu_order":0,"comment_status":"closed","ping_status":"closed","template":"elementor_theme","meta":{"footnotes":""},"class_list":["post-3675","page","type-page","status-publish","hentry"],"_links":{"self":[{"href":"https:\/\/ello.ee\/et\/wp-json\/wp\/v2\/pages\/3675","targetHints":{"allow":["GET"]}}],"collection":[{"href":"https:\/\/ello.ee\/et\/wp-json\/wp\/v2\/pages"}],"about":[{"href":"https:\/\/ello.ee\/et\/wp-json\/wp\/v2\/types\/page"}],"author":[{"embeddable":true,"href":"https:\/\/ello.ee\/et\/wp-json\/wp\/v2\/users\/1"}],"replies":[{"embeddable":true,"href":"https:\/\/ello.ee\/et\/wp-json\/wp\/v2\/comments?post=3675"}],"version-history":[{"count":5,"href":"https:\/\/ello.ee\/et\/wp-json\/wp\/v2\/pages\/3675\/revisions"}],"predecessor-version":[{"id":3879,"href":"https:\/\/ello.ee\/et\/wp-json\/wp\/v2\/pages\/3675\/revisions\/3879"}],"wp:attachment":[{"href":"https:\/\/ello.ee\/et\/wp-json\/wp\/v2\/media?parent=3675"}],"curies":[{"name":"wp","href":"https:\/\/api.w.org\/{rel}","templated":true}]}}