{"id":2231,"date":"2023-03-31T16:42:38","date_gmt":"2023-03-31T13:42:38","guid":{"rendered":"https:\/\/ello.ee\/?page_id=2231"},"modified":"2023-05-26T09:02:45","modified_gmt":"2023-05-26T06:02:45","slug":"denied","status":"publish","type":"page","link":"https:\/\/ello.ee\/et\/booking\/denied\/","title":{"rendered":"Booking denied (staff)"},"content":{"rendered":"<div data-elementor-type=\"wp-page\" data-elementor-id=\"2231\" class=\"elementor elementor-2231\">\n\t\t\t\t<div class=\"elementor-element elementor-element-e92b57a e-flex e-con-boxed e-con e-parent\" data-id=\"e92b57a\" data-element_type=\"container\" data-e-type=\"container\">\n\t\t\t\t\t<div class=\"e-con-inner\">\n\t\t\t\t<div class=\"elementor-element elementor-element-950ea48 elementor-widget elementor-widget-spacer\" data-id=\"950ea48\" data-element_type=\"widget\" data-e-type=\"widget\" data-widget_type=\"spacer.default\">\n\t\t\t\t\t\t\t<div class=\"elementor-spacer\">\n\t\t\t<div class=\"elementor-spacer-inner\"><\/div>\n\t\t<\/div>\n\t\t\t\t\t\t<\/div>\n\t\t\t\t\t<\/div>\n\t\t\t\t<\/div>\n\t\t<div class=\"elementor-element elementor-element-abc8128 e-flex e-con-boxed e-con e-parent\" data-id=\"abc8128\" data-element_type=\"container\" data-e-type=\"container\">\n\t\t\t\t\t<div class=\"e-con-inner\">\n\t\t\t\t<div class=\"elementor-element elementor-element-0d6e6fb alerts-booking-denied elementor-widget elementor-widget-heading\" data-id=\"0d6e6fb\" data-element_type=\"widget\" data-e-type=\"widget\" data-widget_type=\"heading.default\">\n\t\t\t\t\t<h2 class=\"elementor-heading-title elementor-size-default\">Kohtumist ei saa kinnitada!<\/h2>\t\t\t\t<\/div>\n\t\t\t\t<div class=\"elementor-element elementor-element-4e72efd alerts-booking-confirmed elementor-widget elementor-widget-text-editor\" data-id=\"4e72efd\" data-element_type=\"widget\" data-e-type=\"widget\" data-widget_type=\"text-editor.default\">\n\t\t\t\t\t\t\t\t\t<p>P\u00f5hjuseks v\u00f5ib olla kohtade v\u00e4hesus, staatuse muutus vms.<\/p><p><em>Saate selle akna sulgeda.<\/em><\/p>\t\t\t\t\t\t\t\t<\/div>\n\t\t\t\t\t<\/div>\n\t\t\t\t<\/div>\n\t\t\t\t<\/div>","protected":false},"excerpt":{"rendered":"<p>The appointment cannot be approved! This might happen due to capacity, changed status, etc. You can close this window.<\/p>","protected":false},"author":19,"featured_media":0,"parent":2228,"menu_order":0,"comment_status":"closed","ping_status":"closed","template":"","meta":{"footnotes":""},"class_list":["post-2231","page","type-page","status-publish","hentry"],"_links":{"self":[{"href":"https:\/\/ello.ee\/et\/wp-json\/wp\/v2\/pages\/2231","targetHints":{"allow":["GET"]}}],"collection":[{"href":"https:\/\/ello.ee\/et\/wp-json\/wp\/v2\/pages"}],"about":[{"href":"https:\/\/ello.ee\/et\/wp-json\/wp\/v2\/types\/page"}],"author":[{"embeddable":true,"href":"https:\/\/ello.ee\/et\/wp-json\/wp\/v2\/users\/19"}],"replies":[{"embeddable":true,"href":"https:\/\/ello.ee\/et\/wp-json\/wp\/v2\/comments?post=2231"}],"version-history":[{"count":1,"href":"https:\/\/ello.ee\/et\/wp-json\/wp\/v2\/pages\/2231\/revisions"}],"predecessor-version":[{"id":2549,"href":"https:\/\/ello.ee\/et\/wp-json\/wp\/v2\/pages\/2231\/revisions\/2549"}],"up":[{"embeddable":true,"href":"https:\/\/ello.ee\/et\/wp-json\/wp\/v2\/pages\/2228"}],"wp:attachment":[{"href":"https:\/\/ello.ee\/et\/wp-json\/wp\/v2\/media?parent=2231"}],"curies":[{"name":"wp","href":"https:\/\/api.w.org\/{rel}","templated":true}]}}